{"id":1425,"date":"2024-08-21T08:46:59","date_gmt":"2024-08-21T06:46:59","guid":{"rendered":"https:\/\/vansaalbach.de\/?page_id=1425"},"modified":"2025-04-29T11:36:43","modified_gmt":"2025-04-29T09:36:43","slug":"impressum","status":"publish","type":"page","link":"https:\/\/vansaalbach.de\/en\/impressum\/","title":{"rendered":"Imprint"},"content":{"rendered":"<div data-elementor-type=\"wp-page\" data-elementor-id=\"1425\" class=\"elementor elementor-1425\" data-elementor-post-type=\"page\">\n\t\t\t\t<div class=\"elementor-element elementor-element-06fefa3 e-con-full e-flex e-con e-parent\" data-id=\"06fefa3\" data-element_type=\"container\" data-e-type=\"container\" data-settings=\"{&quot;background_background&quot;:&quot;classic&quot;}\">\n\t\t<div class=\"elementor-element elementor-element-c4770c5 e-con-full tc__slanted-right-col e-flex e-con e-child\" data-id=\"c4770c5\" data-element_type=\"container\" data-e-type=\"container\" data-settings=\"{&quot;background_background&quot;:&quot;classic&quot;}\">\n\t\t<div class=\"elementor-element elementor-element-19917fb e-flex e-con-boxed e-con e-child\" data-id=\"19917fb\" data-element_type=\"container\" data-e-type=\"container\">\n\t\t\t\t\t<div class=\"e-con-inner\">\n\t\t\t\t<div class=\"elementor-element elementor-element-5ec8010 elementor-widget elementor-widget-heading\" data-id=\"5ec8010\" data-element_type=\"widget\" data-e-type=\"widget\" data-widget_type=\"heading.default\">\n\t\t\t\t<div class=\"elementor-widget-container\">\n\t\t\t\t\t<h1 class=\"elementor-heading-title elementor-size-default\">Imprint<\/h1>\t\t\t\t<\/div>\n\t\t\t\t<\/div>\n\t\t\t\t\t<\/div>\n\t\t\t\t<\/div>\n\t\t\t\t<\/div>\n\t\t\t\t<\/div>\n\t\t<div class=\"elementor-element elementor-element-e29fe46 e-flex e-con-boxed e-con e-parent\" data-id=\"e29fe46\" data-element_type=\"container\" data-e-type=\"container\">\n\t\t\t\t\t<div class=\"e-con-inner\">\n\t\t\t\t<div class=\"elementor-element elementor-element-4c5016f elementor-widget elementor-widget-heading\" data-id=\"4c5016f\" data-element_type=\"widget\" data-e-type=\"widget\" data-widget_type=\"heading.default\">\n\t\t\t\t<div class=\"elementor-widget-container\">\n\t\t\t\t\t<h2 class=\"elementor-heading-title elementor-size-default\">Imprint<\/h2>\t\t\t\t<\/div>\n\t\t\t\t<\/div>\n\t\t\t\t<div class=\"elementor-element elementor-element-a080d9d elementor-widget elementor-widget-text-editor\" data-id=\"a080d9d\" data-element_type=\"widget\" data-e-type=\"widget\" data-widget_type=\"text-editor.default\">\n\t\t\t\t<div class=\"elementor-widget-container\">\n\t\t\t\t\t\t\t\t\t<p>Ferdinand van Saalbach<br \/>Gerokstr. 40<br \/>01307 Dresden<\/p><p><strong>Contact us<\/strong><br \/>Phone: +49 151 41 44 45 23<br \/>E-mail: webmaster@vansaalbach.de<\/p><p>We are not willing or obliged to participate in dispute resolution proceedings before a consumer arbitration board.<\/p><p>Should you discover copyrighted content on this website, please contact me at the above e-mail address as soon as possible so that we can clarify the situation.<\/p>\t\t\t\t\t\t\t\t<\/div>\n\t\t\t\t<\/div>\n\t\t\t\t\t<\/div>\n\t\t\t\t<\/div>\n\t\t\t\t<\/div>","protected":false},"excerpt":{"rendered":"<p>Imprint Imprint Ferdinand van SaalbachGerokstr. 4001307 Dresden ContactPhone: +49 151 41 44 45 23E-Mail: webmaster@vansaalbach.de We are not willing or obliged to participate in dispute resolution proceedings before a consumer arbitration board. Should you discover copyrighted content on this website, please contact us as soon as possible at the above e-mail address so that we can clarify the situation.<\/p>","protected":false},"author":3,"featured_media":0,"parent":0,"menu_order":0,"comment_status":"closed","ping_status":"closed","template":"","meta":{"_acf_changed":false,"footnotes":""},"class_list":["post-1425","page","type-page","status-publish","hentry"],"acf":[],"yoast_head":"<!-- This site is optimized with the Yoast SEO plugin v27.4 - https:\/\/yoast.com\/product\/yoast-seo-wordpress\/ -->\n<title>Impressum - Ferry van Saalbach<\/title>\n<meta name=\"robots\" content=\"noindex, follow\" \/>\n<meta property=\"og:locale\" content=\"en_US\" \/>\n<meta property=\"og:type\" content=\"article\" \/>\n<meta property=\"og:title\" content=\"Impressum - Ferry van Saalbach\" \/>\n<meta property=\"og:description\" content=\"Impressum Impressum Ferdinand van SaalbachGerokstr. 4001307 Dresden KontaktTelefon: +49 151 41 44 45 23E-Mail: webmaster@vansaalbach.de Wir sind nicht bereit oder verpflichtet, an\u00a0 Streitbeilegungsverfahren vor einer Verbraucherschlichtungsstelle teilzunehmen. Sollten Sie auf dieser Website urheberrechtlich gesch\u00fctzte Inhalte entdecken, bitte ich Sie um schnellstm\u00f6gliche Kontaktaufnahme unter o.g. E-Mail-Adresse, damit wir die Sachlage kl\u00e4ren k\u00f6nnen.\" \/>\n<meta property=\"og:url\" content=\"https:\/\/vansaalbach.de\/en\/impressum\/\" \/>\n<meta property=\"og:site_name\" content=\"Ferry van Saalbach\" \/>\n<meta property=\"article:modified_time\" content=\"2025-04-29T09:36:43+00:00\" \/>\n<meta name=\"twitter:card\" content=\"summary_large_image\" \/>\n<meta name=\"twitter:label1\" content=\"Est. reading time\" \/>\n\t<meta name=\"twitter:data1\" content=\"1 minute\" \/>\n<!-- \/ Yoast SEO plugin. -->","yoast_head_json":{"title":"Imprint - Ferry van Saalbach","robots":{"index":"noindex","follow":"follow"},"og_locale":"en_US","og_type":"article","og_title":"Impressum - Ferry van Saalbach","og_description":"Impressum Impressum Ferdinand van SaalbachGerokstr. 4001307 Dresden KontaktTelefon: +49 151 41 44 45 23E-Mail: webmaster@vansaalbach.de Wir sind nicht bereit oder verpflichtet, an\u00a0 Streitbeilegungsverfahren vor einer Verbraucherschlichtungsstelle teilzunehmen. Sollten Sie auf dieser Website urheberrechtlich gesch\u00fctzte Inhalte entdecken, bitte ich Sie um schnellstm\u00f6gliche Kontaktaufnahme unter o.g. E-Mail-Adresse, damit wir die Sachlage kl\u00e4ren k\u00f6nnen.","og_url":"https:\/\/vansaalbach.de\/en\/impressum\/","og_site_name":"Ferry van Saalbach","article_modified_time":"2025-04-29T09:36:43+00:00","twitter_card":"summary_large_image","twitter_misc":{"Est. reading time":"1 minute"},"schema":{"@context":"https:\/\/schema.org","@graph":[{"@type":"WebPage","@id":"https:\/\/vansaalbach.de\/en\/impressum\/","url":"https:\/\/vansaalbach.de\/en\/impressum\/","name":"Imprint - Ferry van Saalbach","isPartOf":{"@id":"https:\/\/vansaalbach.de\/#website"},"datePublished":"2024-08-21T06:46:59+00:00","dateModified":"2025-04-29T09:36:43+00:00","breadcrumb":{"@id":"https:\/\/vansaalbach.de\/en\/impressum\/#breadcrumb"},"inLanguage":"en-US","potentialAction":[{"@type":"ReadAction","target":["https:\/\/vansaalbach.de\/en\/impressum\/"]}]},{"@type":"BreadcrumbList","@id":"https:\/\/vansaalbach.de\/en\/impressum\/#breadcrumb","itemListElement":[{"@type":"ListItem","position":1,"name":"Startseite","item":"https:\/\/vansaalbach.de\/"},{"@type":"ListItem","position":2,"name":"Impressum"}]},{"@type":"WebSite","@id":"https:\/\/vansaalbach.de\/#website","url":"https:\/\/vansaalbach.de\/","name":"Ferry van Saalbach","description":"Moderator for well thought-out business events","publisher":{"@id":"https:\/\/vansaalbach.de\/#organization"},"potentialAction":[{"@type":"SearchAction","target":{"@type":"EntryPoint","urlTemplate":"https:\/\/vansaalbach.de\/?s={search_term_string}"},"query-input":{"@type":"PropertyValueSpecification","valueRequired":true,"valueName":"search_term_string"}}],"inLanguage":"en-US"},{"@type":"Organization","@id":"https:\/\/vansaalbach.de\/#organization","name":"Ferry van Saalbach","url":"https:\/\/vansaalbach.de\/","logo":{"@type":"ImageObject","inLanguage":"en-US","@id":"https:\/\/vansaalbach.de\/#\/schema\/logo\/image\/","url":"https:\/\/vansaalbach.de\/wp-content\/uploads\/2025\/08\/Logo_FvS_quadr.png","contentUrl":"https:\/\/vansaalbach.de\/wp-content\/uploads\/2025\/08\/Logo_FvS_quadr.png","width":500,"height":500,"caption":"Ferry van Saalbach"},"image":{"@id":"https:\/\/vansaalbach.de\/#\/schema\/logo\/image\/"}}]}},"_links":{"self":[{"href":"https:\/\/vansaalbach.de\/en\/wp-json\/wp\/v2\/pages\/1425","targetHints":{"allow":["GET"]}}],"collection":[{"href":"https:\/\/vansaalbach.de\/en\/wp-json\/wp\/v2\/pages"}],"about":[{"href":"https:\/\/vansaalbach.de\/en\/wp-json\/wp\/v2\/types\/page"}],"author":[{"embeddable":true,"href":"https:\/\/vansaalbach.de\/en\/wp-json\/wp\/v2\/users\/3"}],"replies":[{"embeddable":true,"href":"https:\/\/vansaalbach.de\/en\/wp-json\/wp\/v2\/comments?post=1425"}],"version-history":[{"count":28,"href":"https:\/\/vansaalbach.de\/en\/wp-json\/wp\/v2\/pages\/1425\/revisions"}],"predecessor-version":[{"id":1781,"href":"https:\/\/vansaalbach.de\/en\/wp-json\/wp\/v2\/pages\/1425\/revisions\/1781"}],"wp:attachment":[{"href":"https:\/\/vansaalbach.de\/en\/wp-json\/wp\/v2\/media?parent=1425"}],"curies":[{"name":"wp","href":"https:\/\/api.w.org\/{rel}","templated":true}]}}